{"id":28372,"date":"2024-05-07T19:13:52","date_gmt":"2024-05-07T19:13:52","guid":{"rendered":"https:\/\/venusjapan.com\/politique-de-confidentialite\/"},"modified":"2024-07-30T11:13:21","modified_gmt":"2024-07-30T11:13:21","slug":"politique-de-confidentialite","status":"publish","type":"page","link":"https:\/\/venusjapan.com\/fr\/politique-de-confidentialite\/","title":{"rendered":"Politique de confidentialit\u00e9"},"content":{"rendered":"\t\t<div data-elementor-type=\"wp-page\" data-elementor-id=\"28372\" class=\"elementor elementor-28372 elementor-3\" data-elementor-post-type=\"page\">\n\t\t\t\t<div class=\"elementor-element elementor-element-78d76813 e-flex e-con-boxed e-con e-parent\" data-id=\"78d76813\" data-element_type=\"container\" data-e-type=\"container\">\n\t\t\t\t\t<div class=\"e-con-inner\">\n\t\t\t\t<div class=\"elementor-element elementor-element-44f844e8 elementor-widget elementor-widget-text-editor\" data-id=\"44f844e8\" data-element_type=\"widget\" data-e-type=\"widget\" data-widget_type=\"text-editor.default\">\n\t\t\t\t<div class=\"elementor-widget-container\">\n\t\t\t\t\t\t\t\t\t<h3>Politique de confidentialit\u00e9<\/h3>\n<p>Merci de visiter <a href=\"http:\/\/venusjapan.com\" target=\"_blank\" rel=\"noopener\">venusjapan.com.<\/a> Votre vie priv\u00e9e est importante pour nous et nous nous engageons \u00e0 prot\u00e9ger les informations personnelles que vous nous fournissez. Cette politique de confidentialit\u00e9 d\u00e9crit la mani\u00e8re dont nous collectons, utilisons et prot\u00e9geons vos donn\u00e9es lorsque vous utilisez notre site web.  <\/p>\n<h4>1. Les informations que nous collectons<\/h4>\n<ul>\n<li><strong>Informations sur les CV : <\/strong>Lorsque vous soumettez votre curriculum vitae sur notre site web, nous recueillons des informations personnelles telles que votre nom, votre adresse \u00e9lectronique, votre num\u00e9ro de t\u00e9l\u00e9phone et toute autre information figurant dans votre curriculum vitae.<\/li>\n<li><strong>Informations de contact :<\/strong> Lorsque vous nous contactez par le biais du formulaire de contact de notre site web ou par courrier \u00e9lectronique, nous recueillons votre nom, votre adresse \u00e9lectronique, votre num\u00e9ro de t\u00e9l\u00e9phone (facultatif) et tout message que vous nous communiquez.<\/li>\n<\/ul>\n<h4>2. Utilisation des informations<\/h4>\n<p>Nous pouvons utiliser vos coordonn\u00e9es pour r\u00e9pondre \u00e0 vos demandes, fournir une assistance \u00e0 la client\u00e8le et communiquer avec vous au sujet des transactions ou des modifications de nos politiques.<\/p>\n<h4>3. S\u00e9curit\u00e9 des donn\u00e9es<\/h4>\n<p>Nous mettons en \u0153uvre des mesures de s\u00e9curit\u00e9 raisonnables pour prot\u00e9ger la confidentialit\u00e9, la s\u00e9curit\u00e9 et l&#8217;int\u00e9grit\u00e9 de vos informations personnelles. Toutefois, sachez qu&#8217;aucune m\u00e9thode de transmission sur l&#8217;internet ou de stockage \u00e9lectronique n&#8217;est s\u00fbre \u00e0 100 %. Bien que nous nous efforcions d&#8217;utiliser des moyens commercialement acceptables pour prot\u00e9ger vos informations personnelles, nous ne pouvons pas garantir leur s\u00e9curit\u00e9 absolue.  <\/p>\n<h4>4. Partage d&#8217;informations<\/h4>\n<p>Nous ne vendons pas, n&#8217;\u00e9changeons pas et ne transf\u00e9rons pas de quelque mani\u00e8re que ce soit \u00e0 des tiers vos informations personnelles identifiables. Cela n&#8217;inclut pas les tiers de confiance qui nous aident \u00e0 exploiter notre site web, \u00e0 mener nos activit\u00e9s ou \u00e0 vous fournir des services, pour autant que ces parties acceptent de garder ces informations confidentielles. <\/p>\n<h4>5. Vos droits <\/h4>\n<p>Vous avez le droit de demander l&#8217;acc\u00e8s, la rectification ou l&#8217;effacement de vos donn\u00e9es \u00e0 caract\u00e8re personnel. Vous pouvez \u00e9galement avoir le droit de restreindre le traitement, de vous opposer au traitement et le droit \u00e0 la portabilit\u00e9 des donn\u00e9es. Pour exercer l&#8217;un de ces droits, veuillez nous contacter en utilisant les informations fournies ci-dessous.  <\/p>\n<h4>6. Consentement <\/h4>\n<p>En utilisant notre site web et en nous fournissant vos informations personnelles, vous acceptez notre politique de confidentialit\u00e9 et la collecte, l&#8217;utilisation et la divulgation de vos informations comme d\u00e9crit ici.<\/p>\n<h4>7. Modifications de la pr\u00e9sente politique de protection de la vie priv\u00e9e <\/h4>\n<p>Nous pouvons mettre \u00e0 jour la pr\u00e9sente politique de confidentialit\u00e9 de temps \u00e0 autre. Nous vous informerons de toute modification en publiant la nouvelle politique de confidentialit\u00e9 sur cette page. Nous vous conseillons de consulter r\u00e9guli\u00e8rement la pr\u00e9sente politique de confidentialit\u00e9 pour prendre connaissance des \u00e9ventuelles modifications.  <\/p>\n<h4>8. Nous contacter <\/h4>\n<p>Si vous avez des questions concernant la pr\u00e9sente politique de confidentialit\u00e9, les pratiques de ce site ou vos relations avec ce site, <strong>veuillez nous <span style=\"text-decoration: underline;\"><a href=\"https:\/\/venusjapan.com\/fr\/contact\/\" target=\"_blank\" rel=\"noopener\">contacter<\/a>.<\/span><\/strong><\/p>\t\t\t\t\t\t\t\t<\/div>\n\t\t\t\t<\/div>\n\t\t\t\t\t<\/div>\n\t\t\t\t<\/div>\n\t\t\t\t<\/div>\n\t\t","protected":false},"excerpt":{"rendered":"<p>Politique de confidentialit\u00e9 Merci de visiter venusjapan.com. Votre vie priv\u00e9e est importante pour nous et nous nous engageons \u00e0 prot\u00e9ger les informations personnelles que vous nous fournissez. Cette politique de confidentialit\u00e9 d\u00e9crit la mani\u00e8re dont nous collectons, utilisons et prot\u00e9geons vos donn\u00e9es lorsque vous utilisez notre site web. 1. Les informations que nous collectons Informations [&hellip;]<\/p>\n","protected":false},"author":1,"featured_media":0,"parent":0,"menu_order":0,"comment_status":"closed","ping_status":"open","template":"","meta":{"_acf_changed":false,"footnotes":""},"class_list":["post-28372","page","type-page","status-publish","hentry"],"acf":[],"yoast_head":"<!-- This site is optimized with the Yoast SEO plugin v27.5 - https:\/\/yoast.com\/product\/yoast-seo-wordpress\/ -->\n<title>Politique de confidentialit\u00e9 - Venus - Appareils \u00e9lectrom\u00e9nagers haut de gamme<\/title>\n<meta name=\"robots\" content=\"index, follow, max-snippet:-1, max-image-preview:large, max-video-preview:-1\" \/>\n<link rel=\"canonical\" href=\"https:\/\/venusjapan.com\/privacy-policy\/\" \/>\n<meta property=\"og:locale\" content=\"fr_FR\" \/>\n<meta property=\"og:type\" content=\"article\" \/>\n<meta property=\"og:title\" content=\"Politique de confidentialit\u00e9 - Venus - Appareils \u00e9lectrom\u00e9nagers haut de gamme\" \/>\n<meta property=\"og:description\" content=\"Politique de confidentialit\u00e9 Merci de visiter venusjapan.com. Votre vie priv\u00e9e est importante pour nous et nous nous engageons \u00e0 prot\u00e9ger les informations personnelles que vous nous fournissez. Cette politique de confidentialit\u00e9 d\u00e9crit la mani\u00e8re dont nous collectons, utilisons et prot\u00e9geons vos donn\u00e9es lorsque vous utilisez notre site web. 1. Les informations que nous collectons Informations [&hellip;]\" \/>\n<meta property=\"og:url\" content=\"https:\/\/venusjapan.com\/privacy-policy\/\" \/>\n<meta property=\"og:site_name\" content=\"Venus - Appareils \u00e9lectrom\u00e9nagers haut de gamme\" \/>\n<meta property=\"article:modified_time\" content=\"2024-07-30T11:13:21+00:00\" \/>\n<meta name=\"twitter:card\" content=\"summary_large_image\" \/>\n<meta name=\"twitter:label1\" content=\"Dur\u00e9e de lecture estim\u00e9e\" \/>\n\t<meta name=\"twitter:data1\" content=\"2 minutes\" \/>\n<script type=\"application\/ld+json\" class=\"yoast-schema-graph\">{\"@context\":\"https:\\\/\\\/schema.org\",\"@graph\":[{\"@type\":\"WebPage\",\"@id\":\"https:\\\/\\\/venusjapan.com\\\/privacy-policy\\\/\",\"url\":\"https:\\\/\\\/venusjapan.com\\\/privacy-policy\\\/\",\"name\":\"Politique de confidentialit\u00e9 - Venus - Appareils \u00e9lectrom\u00e9nagers haut de gamme\",\"isPartOf\":{\"@id\":\"https:\\\/\\\/venusjapan.com\\\/#website\"},\"datePublished\":\"2024-05-07T19:13:52+00:00\",\"dateModified\":\"2024-07-30T11:13:21+00:00\",\"breadcrumb\":{\"@id\":\"https:\\\/\\\/venusjapan.com\\\/privacy-policy\\\/#breadcrumb\"},\"inLanguage\":\"fr-FR\",\"potentialAction\":[{\"@type\":\"ReadAction\",\"target\":[\"https:\\\/\\\/venusjapan.com\\\/privacy-policy\\\/\"]}]},{\"@type\":\"BreadcrumbList\",\"@id\":\"https:\\\/\\\/venusjapan.com\\\/privacy-policy\\\/#breadcrumb\",\"itemListElement\":[{\"@type\":\"ListItem\",\"position\":1,\"name\":\"Home\",\"item\":\"https:\\\/\\\/venusjapan.com\\\/\"},{\"@type\":\"ListItem\",\"position\":2,\"name\":\"Politique de confidentialit\u00e9\"}]},{\"@type\":\"WebSite\",\"@id\":\"https:\\\/\\\/venusjapan.com\\\/#website\",\"url\":\"https:\\\/\\\/venusjapan.com\\\/\",\"name\":\"Venus - Appareils \u00e9lectrom\u00e9nagers haut de gamme\",\"description\":\"Technologie pour la g\u00e9n\u00e9ration suivante\",\"potentialAction\":[{\"@type\":\"SearchAction\",\"target\":{\"@type\":\"EntryPoint\",\"urlTemplate\":\"https:\\\/\\\/venusjapan.com\\\/?s={search_term_string}\"},\"query-input\":{\"@type\":\"PropertyValueSpecification\",\"valueRequired\":true,\"valueName\":\"search_term_string\"}}],\"inLanguage\":\"fr-FR\"}]}<\/script>\n<!-- \/ Yoast SEO plugin. -->","yoast_head_json":{"title":"Politique de confidentialit\u00e9 - Venus - Appareils \u00e9lectrom\u00e9nagers haut de gamme","robots":{"index":"index","follow":"follow","max-snippet":"max-snippet:-1","max-image-preview":"max-image-preview:large","max-video-preview":"max-video-preview:-1"},"canonical":"https:\/\/venusjapan.com\/privacy-policy\/","og_locale":"fr_FR","og_type":"article","og_title":"Politique de confidentialit\u00e9 - Venus - Appareils \u00e9lectrom\u00e9nagers haut de gamme","og_description":"Politique de confidentialit\u00e9 Merci de visiter venusjapan.com. Votre vie priv\u00e9e est importante pour nous et nous nous engageons \u00e0 prot\u00e9ger les informations personnelles que vous nous fournissez. Cette politique de confidentialit\u00e9 d\u00e9crit la mani\u00e8re dont nous collectons, utilisons et prot\u00e9geons vos donn\u00e9es lorsque vous utilisez notre site web. 1. Les informations que nous collectons Informations [&hellip;]","og_url":"https:\/\/venusjapan.com\/privacy-policy\/","og_site_name":"Venus - Appareils \u00e9lectrom\u00e9nagers haut de gamme","article_modified_time":"2024-07-30T11:13:21+00:00","twitter_card":"summary_large_image","twitter_misc":{"Dur\u00e9e de lecture estim\u00e9e":"2 minutes"},"schema":{"@context":"https:\/\/schema.org","@graph":[{"@type":"WebPage","@id":"https:\/\/venusjapan.com\/privacy-policy\/","url":"https:\/\/venusjapan.com\/privacy-policy\/","name":"Politique de confidentialit\u00e9 - Venus - Appareils \u00e9lectrom\u00e9nagers haut de gamme","isPartOf":{"@id":"https:\/\/venusjapan.com\/#website"},"datePublished":"2024-05-07T19:13:52+00:00","dateModified":"2024-07-30T11:13:21+00:00","breadcrumb":{"@id":"https:\/\/venusjapan.com\/privacy-policy\/#breadcrumb"},"inLanguage":"fr-FR","potentialAction":[{"@type":"ReadAction","target":["https:\/\/venusjapan.com\/privacy-policy\/"]}]},{"@type":"BreadcrumbList","@id":"https:\/\/venusjapan.com\/privacy-policy\/#breadcrumb","itemListElement":[{"@type":"ListItem","position":1,"name":"Home","item":"https:\/\/venusjapan.com\/"},{"@type":"ListItem","position":2,"name":"Politique de confidentialit\u00e9"}]},{"@type":"WebSite","@id":"https:\/\/venusjapan.com\/#website","url":"https:\/\/venusjapan.com\/","name":"Venus - Appareils \u00e9lectrom\u00e9nagers haut de gamme","description":"Technologie pour la g\u00e9n\u00e9ration suivante","potentialAction":[{"@type":"SearchAction","target":{"@type":"EntryPoint","urlTemplate":"https:\/\/venusjapan.com\/?s={search_term_string}"},"query-input":{"@type":"PropertyValueSpecification","valueRequired":true,"valueName":"search_term_string"}}],"inLanguage":"fr-FR"}]}},"_links":{"self":[{"href":"https:\/\/venusjapan.com\/fr\/wp-json\/wp\/v2\/pages\/28372","targetHints":{"allow":["GET"]}}],"collection":[{"href":"https:\/\/venusjapan.com\/fr\/wp-json\/wp\/v2\/pages"}],"about":[{"href":"https:\/\/venusjapan.com\/fr\/wp-json\/wp\/v2\/types\/page"}],"author":[{"embeddable":true,"href":"https:\/\/venusjapan.com\/fr\/wp-json\/wp\/v2\/users\/1"}],"replies":[{"embeddable":true,"href":"https:\/\/venusjapan.com\/fr\/wp-json\/wp\/v2\/comments?post=28372"}],"version-history":[{"count":9,"href":"https:\/\/venusjapan.com\/fr\/wp-json\/wp\/v2\/pages\/28372\/revisions"}],"predecessor-version":[{"id":28442,"href":"https:\/\/venusjapan.com\/fr\/wp-json\/wp\/v2\/pages\/28372\/revisions\/28442"}],"wp:attachment":[{"href":"https:\/\/venusjapan.com\/fr\/wp-json\/wp\/v2\/media?parent=28372"}],"curies":[{"name":"wp","href":"https:\/\/api.w.org\/{rel}","templated":true}]}}