{"id":28333,"date":"2024-07-30T10:00:45","date_gmt":"2024-07-30T10:00:45","guid":{"rendered":"https:\/\/venusjapan.com\/conditions-dutilisation\/"},"modified":"2024-07-30T10:17:59","modified_gmt":"2024-07-30T10:17:59","slug":"conditions-dutilisation","status":"publish","type":"page","link":"https:\/\/venusjapan.com\/fr\/conditions-dutilisation\/","title":{"rendered":"Conditions d&#8217;utilisation"},"content":{"rendered":"\t\t<div data-elementor-type=\"wp-page\" data-elementor-id=\"28333\" class=\"elementor elementor-28333 elementor-28299\" data-elementor-post-type=\"page\">\n\t\t\t\t<div class=\"elementor-element elementor-element-379bdc6 e-flex e-con-boxed e-con e-parent\" data-id=\"379bdc6\" data-element_type=\"container\" data-e-type=\"container\">\n\t\t\t\t\t<div class=\"e-con-inner\">\n\t\t\t\t<div class=\"elementor-element elementor-element-d326f3d elementor-widget elementor-widget-text-editor\" data-id=\"d326f3d\" data-element_type=\"widget\" data-e-type=\"widget\" data-widget_type=\"text-editor.default\">\n\t\t\t\t<div class=\"elementor-widget-container\">\n\t\t\t\t\t\t\t\t\t<h3>Conditions d&#8217;utilisation<\/h3>\n<p>Ce document se r\u00e9f\u00e8re \u00e0 l&#8217;utilisation du site web www.venusjapan.com et de son contenu. Si vous continuez \u00e0 naviguer sur ce site web ou \u00e0 l&#8217;utiliser, vous acceptez les conditions suivantes dans leur int\u00e9gralit\u00e9. Si vous n&#8217;\u00eates pas d&#8217;accord avec tout ou partie de ces conditions, vous ne devez pas utiliser ce site web.  <\/p>\n<p>Venus Japan se r\u00e9serve le droit de modifier les pr\u00e9sentes conditions \u00e0 tout moment et sans notification pr\u00e9alable, afin de servir au mieux les int\u00e9r\u00eats de ses clients et de ses associ\u00e9s. Nous vous recommandons de lire ce document fr\u00e9quemment ou \u00e0 chaque fois que vous utilisez ce site web afin de vous tenir au courant des changements. <\/p>\n<p>L&#8217;alt\u00e9ration du contenu ou l&#8217;utilisation du contenu ou de toute partie de ce site web \u00e0 des fins autres que l&#8217;utilisation pr\u00e9vue de ce site web constitue une violation des droits d&#8217;auteur et autres droits de propri\u00e9t\u00e9 de Venus. Toute utilisation non autoris\u00e9e ou abusive de ce site web peut donner lieu \u00e0 une demande de dommages-int\u00e9r\u00eats ou \u00eatre consid\u00e9r\u00e9e comme ill\u00e9gale. L&#8217;utilisation d&#8217;informations ou de mat\u00e9riel sur ce site web doit \u00eatre limit\u00e9e aux communications et \u00e0 l&#8217;association avec Venus Japan et dans l&#8217;int\u00e9r\u00eat de cette derni\u00e8re, et vous ne devez pas utiliser le contenu de ce site web pour toute autre institution ou int\u00e9r\u00eat. Il est interdit de cr\u00e9er un lien vers le pr\u00e9sent site web \u00e0 partir d&#8217;un autre site web ou d&#8217;un autre document sans l&#8217;accord \u00e9crit pr\u00e9alable de Venus. L&#8217;utilisation de ce site web et tout litige d\u00e9coulant de cette utilisation sont soumis \u00e0 la loi indienne.    <\/p>\n<h4>Marques \/ Propri\u00e9t\u00e9 intellectuelle<\/h4>\n<p>Toutes les marques, y compris les logos et les noms commerciaux ou marques de service, qu&#8217;ils soient enregistr\u00e9s ou non, sont la propri\u00e9t\u00e9 intellectuelle d&#8217;Anisuma. Il est interdit de les reproduire, de les t\u00e9l\u00e9charger ou de les utiliser d&#8217;une autre mani\u00e8re sans l&#8217;accord \u00e9crit pr\u00e9alable de Venus Japan. <\/p>\n<h4>Clause de non-responsabilit\u00e9 pour les dommages indirects<\/h4>\n<p>En aucun cas les organisations ou entit\u00e9s associ\u00e9es \u00e0 la marque d&#8217;entreprise, au nom us ou autre, mentionn\u00e9es sur ce site web ne seront responsables de quelque dommage que ce soit (y compris, mais sans s&#8217;y limiter, les dommages accessoires et indirects, le manque \u00e0 gagner, les dommages au mat\u00e9riel informatique, la perte de donn\u00e9es ou l&#8217;interruption des activit\u00e9s) r\u00e9sultant de l&#8217;utilisation ou de l&#8217;impossibilit\u00e9 d&#8217;utiliser le site web et son contenu, que ce soit sur la base d&#8217;une garantie, d&#8217;un contrat, d&#8217;un d\u00e9lit ou de toute autre th\u00e9orie juridique, et que ces organisations ou entit\u00e9s aient \u00e9t\u00e9 ou non inform\u00e9es de la possibilit\u00e9 de tels dommages.<\/p>\n\t\t\t\t\t\t\t\t<\/div>\n\t\t\t\t<\/div>\n\t\t\t\t\t<\/div>\n\t\t\t\t<\/div>\n\t\t\t\t<\/div>\n\t\t","protected":false},"excerpt":{"rendered":"<p>Conditions d&#8217;utilisation Ce document se r\u00e9f\u00e8re \u00e0 l&#8217;utilisation du site web www.venusjapan.com et de son contenu. Si vous continuez \u00e0 naviguer sur ce site web ou \u00e0 l&#8217;utiliser, vous acceptez les conditions suivantes dans leur int\u00e9gralit\u00e9. Si vous n&#8217;\u00eates pas d&#8217;accord avec tout ou partie de ces conditions, vous ne devez pas utiliser ce site [&hellip;]<\/p>\n","protected":false},"author":1,"featured_media":0,"parent":0,"menu_order":0,"comment_status":"closed","ping_status":"closed","template":"","meta":{"_acf_changed":false,"footnotes":""},"class_list":["post-28333","page","type-page","status-publish","hentry"],"acf":[],"yoast_head":"<!-- This site is optimized with the Yoast SEO plugin v27.4 - https:\/\/yoast.com\/product\/yoast-seo-wordpress\/ -->\n<title>Conditions d&#039;utilisation - Venus - Appareils \u00e9lectrom\u00e9nagers haut de gamme<\/title>\n<meta name=\"robots\" content=\"index, follow, max-snippet:-1, max-image-preview:large, max-video-preview:-1\" \/>\n<link rel=\"canonical\" href=\"https:\/\/venusjapan.com\/fr\/conditions-dutilisation\/\" \/>\n<meta property=\"og:locale\" content=\"fr_FR\" \/>\n<meta property=\"og:type\" content=\"article\" \/>\n<meta property=\"og:title\" content=\"Conditions d&#039;utilisation - Venus - Appareils \u00e9lectrom\u00e9nagers haut de gamme\" \/>\n<meta property=\"og:description\" content=\"Conditions d&#8217;utilisation Ce document se r\u00e9f\u00e8re \u00e0 l&#8217;utilisation du site web www.venusjapan.com et de son contenu. Si vous continuez \u00e0 naviguer sur ce site web ou \u00e0 l&#8217;utiliser, vous acceptez les conditions suivantes dans leur int\u00e9gralit\u00e9. Si vous n&#8217;\u00eates pas d&#8217;accord avec tout ou partie de ces conditions, vous ne devez pas utiliser ce site [&hellip;]\" \/>\n<meta property=\"og:url\" content=\"https:\/\/venusjapan.com\/fr\/conditions-dutilisation\/\" \/>\n<meta property=\"og:site_name\" content=\"Venus - Appareils \u00e9lectrom\u00e9nagers haut de gamme\" \/>\n<meta property=\"article:modified_time\" content=\"2024-07-30T10:17:59+00:00\" \/>\n<meta name=\"twitter:card\" content=\"summary_large_image\" \/>\n<meta name=\"twitter:label1\" content=\"Dur\u00e9e de lecture estim\u00e9e\" \/>\n\t<meta name=\"twitter:data1\" content=\"2 minutes\" \/>\n<script type=\"application\/ld+json\" class=\"yoast-schema-graph\">{\"@context\":\"https:\\\/\\\/schema.org\",\"@graph\":[{\"@type\":\"WebPage\",\"@id\":\"https:\\\/\\\/venusjapan.com\\\/fr\\\/conditions-dutilisation\\\/\",\"url\":\"https:\\\/\\\/venusjapan.com\\\/fr\\\/conditions-dutilisation\\\/\",\"name\":\"Conditions d'utilisation - Venus - Appareils \u00e9lectrom\u00e9nagers haut de gamme\",\"isPartOf\":{\"@id\":\"https:\\\/\\\/venusjapan.com\\\/#website\"},\"datePublished\":\"2024-07-30T10:00:45+00:00\",\"dateModified\":\"2024-07-30T10:17:59+00:00\",\"breadcrumb\":{\"@id\":\"https:\\\/\\\/venusjapan.com\\\/fr\\\/conditions-dutilisation\\\/#breadcrumb\"},\"inLanguage\":\"fr-FR\",\"potentialAction\":[{\"@type\":\"ReadAction\",\"target\":[\"https:\\\/\\\/venusjapan.com\\\/fr\\\/conditions-dutilisation\\\/\"]}]},{\"@type\":\"BreadcrumbList\",\"@id\":\"https:\\\/\\\/venusjapan.com\\\/fr\\\/conditions-dutilisation\\\/#breadcrumb\",\"itemListElement\":[{\"@type\":\"ListItem\",\"position\":1,\"name\":\"Home\",\"item\":\"https:\\\/\\\/venusjapan.com\\\/\"},{\"@type\":\"ListItem\",\"position\":2,\"name\":\"Conditions d&#8217;utilisation\"}]},{\"@type\":\"WebSite\",\"@id\":\"https:\\\/\\\/venusjapan.com\\\/#website\",\"url\":\"https:\\\/\\\/venusjapan.com\\\/\",\"name\":\"Venus - Appareils \u00e9lectrom\u00e9nagers haut de gamme\",\"description\":\"Technologie pour la g\u00e9n\u00e9ration suivante\",\"potentialAction\":[{\"@type\":\"SearchAction\",\"target\":{\"@type\":\"EntryPoint\",\"urlTemplate\":\"https:\\\/\\\/venusjapan.com\\\/?s={search_term_string}\"},\"query-input\":{\"@type\":\"PropertyValueSpecification\",\"valueRequired\":true,\"valueName\":\"search_term_string\"}}],\"inLanguage\":\"fr-FR\"}]}<\/script>\n<!-- \/ Yoast SEO plugin. -->","yoast_head_json":{"title":"Conditions d'utilisation - Venus - Appareils \u00e9lectrom\u00e9nagers haut de gamme","robots":{"index":"index","follow":"follow","max-snippet":"max-snippet:-1","max-image-preview":"max-image-preview:large","max-video-preview":"max-video-preview:-1"},"canonical":"https:\/\/venusjapan.com\/fr\/conditions-dutilisation\/","og_locale":"fr_FR","og_type":"article","og_title":"Conditions d'utilisation - Venus - Appareils \u00e9lectrom\u00e9nagers haut de gamme","og_description":"Conditions d&#8217;utilisation Ce document se r\u00e9f\u00e8re \u00e0 l&#8217;utilisation du site web www.venusjapan.com et de son contenu. Si vous continuez \u00e0 naviguer sur ce site web ou \u00e0 l&#8217;utiliser, vous acceptez les conditions suivantes dans leur int\u00e9gralit\u00e9. Si vous n&#8217;\u00eates pas d&#8217;accord avec tout ou partie de ces conditions, vous ne devez pas utiliser ce site [&hellip;]","og_url":"https:\/\/venusjapan.com\/fr\/conditions-dutilisation\/","og_site_name":"Venus - Appareils \u00e9lectrom\u00e9nagers haut de gamme","article_modified_time":"2024-07-30T10:17:59+00:00","twitter_card":"summary_large_image","twitter_misc":{"Dur\u00e9e de lecture estim\u00e9e":"2 minutes"},"schema":{"@context":"https:\/\/schema.org","@graph":[{"@type":"WebPage","@id":"https:\/\/venusjapan.com\/fr\/conditions-dutilisation\/","url":"https:\/\/venusjapan.com\/fr\/conditions-dutilisation\/","name":"Conditions d'utilisation - Venus - Appareils \u00e9lectrom\u00e9nagers haut de gamme","isPartOf":{"@id":"https:\/\/venusjapan.com\/#website"},"datePublished":"2024-07-30T10:00:45+00:00","dateModified":"2024-07-30T10:17:59+00:00","breadcrumb":{"@id":"https:\/\/venusjapan.com\/fr\/conditions-dutilisation\/#breadcrumb"},"inLanguage":"fr-FR","potentialAction":[{"@type":"ReadAction","target":["https:\/\/venusjapan.com\/fr\/conditions-dutilisation\/"]}]},{"@type":"BreadcrumbList","@id":"https:\/\/venusjapan.com\/fr\/conditions-dutilisation\/#breadcrumb","itemListElement":[{"@type":"ListItem","position":1,"name":"Home","item":"https:\/\/venusjapan.com\/"},{"@type":"ListItem","position":2,"name":"Conditions d&#8217;utilisation"}]},{"@type":"WebSite","@id":"https:\/\/venusjapan.com\/#website","url":"https:\/\/venusjapan.com\/","name":"Venus - Appareils \u00e9lectrom\u00e9nagers haut de gamme","description":"Technologie pour la g\u00e9n\u00e9ration suivante","potentialAction":[{"@type":"SearchAction","target":{"@type":"EntryPoint","urlTemplate":"https:\/\/venusjapan.com\/?s={search_term_string}"},"query-input":{"@type":"PropertyValueSpecification","valueRequired":true,"valueName":"search_term_string"}}],"inLanguage":"fr-FR"}]}},"_links":{"self":[{"href":"https:\/\/venusjapan.com\/fr\/wp-json\/wp\/v2\/pages\/28333","targetHints":{"allow":["GET"]}}],"collection":[{"href":"https:\/\/venusjapan.com\/fr\/wp-json\/wp\/v2\/pages"}],"about":[{"href":"https:\/\/venusjapan.com\/fr\/wp-json\/wp\/v2\/types\/page"}],"author":[{"embeddable":true,"href":"https:\/\/venusjapan.com\/fr\/wp-json\/wp\/v2\/users\/1"}],"replies":[{"embeddable":true,"href":"https:\/\/venusjapan.com\/fr\/wp-json\/wp\/v2\/comments?post=28333"}],"version-history":[{"count":1,"href":"https:\/\/venusjapan.com\/fr\/wp-json\/wp\/v2\/pages\/28333\/revisions"}],"predecessor-version":[{"id":28334,"href":"https:\/\/venusjapan.com\/fr\/wp-json\/wp\/v2\/pages\/28333\/revisions\/28334"}],"wp:attachment":[{"href":"https:\/\/venusjapan.com\/fr\/wp-json\/wp\/v2\/media?parent=28333"}],"curies":[{"name":"wp","href":"https:\/\/api.w.org\/{rel}","templated":true}]}}