{"id":26428,"date":"2024-07-15T06:15:38","date_gmt":"2024-07-15T06:15:38","guid":{"rendered":"https:\/\/venusjapan.com\/paiement\/"},"modified":"2024-07-15T06:15:39","modified_gmt":"2024-07-15T06:15:39","slug":"paiement","status":"publish","type":"page","link":"https:\/\/venusjapan.com\/fr\/paiement\/","title":{"rendered":"Paiement"},"content":{"rendered":"\n<div data-block-name=\"woocommerce\/checkout\" class=\"wp-block-woocommerce-checkout alignwide wc-block-checkout is-loading\">\n<div data-block-name=\"woocommerce\/checkout-fields-block\" class=\"wp-block-woocommerce-checkout-fields-block\">\n<div data-block-name=\"woocommerce\/checkout-express-payment-block\" class=\"wp-block-woocommerce-checkout-express-payment-block\"><\/div>\n\n\n\n<div data-block-name=\"woocommerce\/checkout-contact-information-block\" class=\"wp-block-woocommerce-checkout-contact-information-block\"><\/div>\n\n\n\n<div data-block-name=\"woocommerce\/checkout-shipping-method-block\" class=\"wp-block-woocommerce-checkout-shipping-method-block\"><\/div>\n\n\n\n<div data-block-name=\"woocommerce\/checkout-pickup-options-block\" class=\"wp-block-woocommerce-checkout-pickup-options-block\"><\/div>\n\n\n\n<div data-block-name=\"woocommerce\/checkout-shipping-address-block\" class=\"wp-block-woocommerce-checkout-shipping-address-block\"><\/div>\n\n\n\n<div data-block-name=\"woocommerce\/checkout-billing-address-block\" class=\"wp-block-woocommerce-checkout-billing-address-block\"><\/div>\n\n\n\n<div data-block-name=\"woocommerce\/checkout-shipping-methods-block\" class=\"wp-block-woocommerce-checkout-shipping-methods-block\"><\/div>\n\n\n\n<div data-block-name=\"woocommerce\/checkout-payment-block\" class=\"wp-block-woocommerce-checkout-payment-block\"><\/div>\n\n\n\n<div data-block-name=\"woocommerce\/checkout-additional-information-block\" class=\"wp-block-woocommerce-checkout-additional-information-block\"><\/div>\n\n\n\n<div data-block-name=\"woocommerce\/checkout-order-note-block\" class=\"wp-block-woocommerce-checkout-order-note-block\"><\/div>\n\n\n\n<div data-block-name=\"woocommerce\/checkout-terms-block\" class=\"wp-block-woocommerce-checkout-terms-block\"><\/div>\n\n\n\n<div data-block-name=\"woocommerce\/checkout-actions-block\" class=\"wp-block-woocommerce-checkout-actions-block\"><\/div>\n<\/div>\n\n\n\n<div data-block-name=\"woocommerce\/checkout-totals-block\" class=\"wp-block-woocommerce-checkout-totals-block\">\n<div data-block-name=\"woocommerce\/checkout-order-summary-block\" class=\"wp-block-woocommerce-checkout-order-summary-block\">\n<div data-block-name=\"woocommerce\/checkout-order-summary-cart-items-block\" class=\"wp-block-woocommerce-checkout-order-summary-cart-items-block\"><\/div><div data-block-name=\"woocommerce\/checkout-order-summary-coupon-form-block\" class=\"wp-block-woocommerce-checkout-order-summary-coupon-form-block\"><\/div><div data-block-name=\"woocommerce\/checkout-order-summary-totals-block\" class=\"wp-block-woocommerce-checkout-order-summary-totals-block\">\n<div data-block-name=\"woocommerce\/checkout-order-summary-subtotal-block\" class=\"wp-block-woocommerce-checkout-order-summary-subtotal-block\"><\/div>\n<div data-block-name=\"woocommerce\/checkout-order-summary-discount-block\" class=\"wp-block-woocommerce-checkout-order-summary-discount-block\"><\/div>\n<div data-block-name=\"woocommerce\/checkout-order-summary-fee-block\" class=\"wp-block-woocommerce-checkout-order-summary-fee-block\"><\/div>\n<div data-block-name=\"woocommerce\/checkout-order-summary-shipping-block\" class=\"wp-block-woocommerce-checkout-order-summary-shipping-block\"><\/div>\n<div data-block-name=\"woocommerce\/checkout-order-summary-taxes-block\" class=\"wp-block-woocommerce-checkout-order-summary-taxes-block\"><\/div><\/div>\n<\/div>\n<\/div>\n<\/div>\n","protected":false},"excerpt":{"rendered":"","protected":false},"author":1,"featured_media":0,"parent":0,"menu_order":0,"comment_status":"closed","ping_status":"closed","template":"","meta":{"_acf_changed":false,"footnotes":""},"class_list":["post-26428","page","type-page","status-publish","hentry"],"acf":[],"yoast_head":"<!-- This site is optimized with the Yoast SEO plugin v27.4 - https:\/\/yoast.com\/product\/yoast-seo-wordpress\/ -->\n<title>Paiement - Venus - Appareils \u00e9lectrom\u00e9nagers haut de gamme<\/title>\n<meta name=\"robots\" content=\"index, follow, max-snippet:-1, max-image-preview:large, max-video-preview:-1\" \/>\n<link rel=\"canonical\" href=\"https:\/\/venusjapan.com\/checkout\/\" \/>\n<meta property=\"og:locale\" content=\"fr_FR\" \/>\n<meta property=\"og:type\" content=\"article\" \/>\n<meta property=\"og:title\" content=\"Paiement - Venus - Appareils \u00e9lectrom\u00e9nagers haut de gamme\" \/>\n<meta property=\"og:url\" content=\"https:\/\/venusjapan.com\/checkout\/\" \/>\n<meta property=\"og:site_name\" content=\"Venus - Appareils \u00e9lectrom\u00e9nagers haut de gamme\" \/>\n<meta property=\"article:modified_time\" content=\"2024-07-15T06:15:39+00:00\" \/>\n<meta name=\"twitter:card\" content=\"summary_large_image\" \/>\n<script type=\"application\/ld+json\" class=\"yoast-schema-graph\">{\"@context\":\"https:\\\/\\\/schema.org\",\"@graph\":[{\"@type\":\"WebPage\",\"@id\":\"https:\\\/\\\/venusjapan.com\\\/checkout\\\/\",\"url\":\"https:\\\/\\\/venusjapan.com\\\/checkout\\\/\",\"name\":\"Paiement - Venus - Appareils \u00e9lectrom\u00e9nagers haut de gamme\",\"isPartOf\":{\"@id\":\"https:\\\/\\\/venusjapan.com\\\/#website\"},\"datePublished\":\"2024-07-15T06:15:38+00:00\",\"dateModified\":\"2024-07-15T06:15:39+00:00\",\"breadcrumb\":{\"@id\":\"https:\\\/\\\/venusjapan.com\\\/checkout\\\/#breadcrumb\"},\"inLanguage\":\"fr-FR\",\"potentialAction\":[{\"@type\":\"ReadAction\",\"target\":[\"https:\\\/\\\/venusjapan.com\\\/checkout\\\/\"]}]},{\"@type\":\"BreadcrumbList\",\"@id\":\"https:\\\/\\\/venusjapan.com\\\/checkout\\\/#breadcrumb\",\"itemListElement\":[{\"@type\":\"ListItem\",\"position\":1,\"name\":\"Home\",\"item\":\"https:\\\/\\\/venusjapan.com\\\/\"},{\"@type\":\"ListItem\",\"position\":2,\"name\":\"Paiement\"}]},{\"@type\":\"WebSite\",\"@id\":\"https:\\\/\\\/venusjapan.com\\\/#website\",\"url\":\"https:\\\/\\\/venusjapan.com\\\/\",\"name\":\"Venus - Appareils \u00e9lectrom\u00e9nagers haut de gamme\",\"description\":\"Technologie pour la g\u00e9n\u00e9ration suivante\",\"potentialAction\":[{\"@type\":\"SearchAction\",\"target\":{\"@type\":\"EntryPoint\",\"urlTemplate\":\"https:\\\/\\\/venusjapan.com\\\/?s={search_term_string}\"},\"query-input\":{\"@type\":\"PropertyValueSpecification\",\"valueRequired\":true,\"valueName\":\"search_term_string\"}}],\"inLanguage\":\"fr-FR\"}]}<\/script>\n<!-- \/ Yoast SEO plugin. -->","yoast_head_json":{"title":"Paiement - Venus - Appareils \u00e9lectrom\u00e9nagers haut de gamme","robots":{"index":"index","follow":"follow","max-snippet":"max-snippet:-1","max-image-preview":"max-image-preview:large","max-video-preview":"max-video-preview:-1"},"canonical":"https:\/\/venusjapan.com\/checkout\/","og_locale":"fr_FR","og_type":"article","og_title":"Paiement - Venus - Appareils \u00e9lectrom\u00e9nagers haut de gamme","og_url":"https:\/\/venusjapan.com\/checkout\/","og_site_name":"Venus - Appareils \u00e9lectrom\u00e9nagers haut de gamme","article_modified_time":"2024-07-15T06:15:39+00:00","twitter_card":"summary_large_image","schema":{"@context":"https:\/\/schema.org","@graph":[{"@type":"WebPage","@id":"https:\/\/venusjapan.com\/checkout\/","url":"https:\/\/venusjapan.com\/checkout\/","name":"Paiement - Venus - Appareils \u00e9lectrom\u00e9nagers haut de gamme","isPartOf":{"@id":"https:\/\/venusjapan.com\/#website"},"datePublished":"2024-07-15T06:15:38+00:00","dateModified":"2024-07-15T06:15:39+00:00","breadcrumb":{"@id":"https:\/\/venusjapan.com\/checkout\/#breadcrumb"},"inLanguage":"fr-FR","potentialAction":[{"@type":"ReadAction","target":["https:\/\/venusjapan.com\/checkout\/"]}]},{"@type":"BreadcrumbList","@id":"https:\/\/venusjapan.com\/checkout\/#breadcrumb","itemListElement":[{"@type":"ListItem","position":1,"name":"Home","item":"https:\/\/venusjapan.com\/"},{"@type":"ListItem","position":2,"name":"Paiement"}]},{"@type":"WebSite","@id":"https:\/\/venusjapan.com\/#website","url":"https:\/\/venusjapan.com\/","name":"Venus - Appareils \u00e9lectrom\u00e9nagers haut de gamme","description":"Technologie pour la g\u00e9n\u00e9ration suivante","potentialAction":[{"@type":"SearchAction","target":{"@type":"EntryPoint","urlTemplate":"https:\/\/venusjapan.com\/?s={search_term_string}"},"query-input":{"@type":"PropertyValueSpecification","valueRequired":true,"valueName":"search_term_string"}}],"inLanguage":"fr-FR"}]}},"_links":{"self":[{"href":"https:\/\/venusjapan.com\/fr\/wp-json\/wp\/v2\/pages\/26428","targetHints":{"allow":["GET"]}}],"collection":[{"href":"https:\/\/venusjapan.com\/fr\/wp-json\/wp\/v2\/pages"}],"about":[{"href":"https:\/\/venusjapan.com\/fr\/wp-json\/wp\/v2\/types\/page"}],"author":[{"embeddable":true,"href":"https:\/\/venusjapan.com\/fr\/wp-json\/wp\/v2\/users\/1"}],"replies":[{"embeddable":true,"href":"https:\/\/venusjapan.com\/fr\/wp-json\/wp\/v2\/comments?post=26428"}],"version-history":[{"count":0,"href":"https:\/\/venusjapan.com\/fr\/wp-json\/wp\/v2\/pages\/26428\/revisions"}],"wp:attachment":[{"href":"https:\/\/venusjapan.com\/fr\/wp-json\/wp\/v2\/media?parent=26428"}],"curies":[{"name":"wp","href":"https:\/\/api.w.org\/{rel}","templated":true}]}}