{"id":26426,"date":"2024-07-15T06:15:38","date_gmt":"2024-07-15T06:15:38","guid":{"rendered":"https:\/\/venusjapan.com\/boutique\/"},"modified":"2024-07-17T05:55:28","modified_gmt":"2024-07-17T05:55:28","slug":"boutique","status":"publish","type":"page","link":"https:\/\/venusjapan.com\/fr\/boutique\/","title":{"rendered":"Boutique"},"content":{"rendered":"","protected":false},"excerpt":{"rendered":"","protected":false},"author":1,"featured_media":0,"parent":0,"menu_order":0,"comment_status":"closed","ping_status":"closed","template":"","meta":{"_acf_changed":false,"footnotes":""},"class_list":["post-26426","page","type-page","status-publish","hentry"],"acf":[],"yoast_head":"<!-- This site is optimized with the Yoast SEO plugin v27.4 - https:\/\/yoast.com\/product\/yoast-seo-wordpress\/ -->\n<title>Boutique - Venus - Appareils \u00e9lectrom\u00e9nagers haut de gamme<\/title>\n<meta name=\"robots\" content=\"index, follow, max-snippet:-1, max-image-preview:large, max-video-preview:-1\" \/>\n<link rel=\"canonical\" href=\"https:\/\/venusjapan.com\/?page_id=26414\" \/>\n<meta property=\"og:locale\" content=\"fr_FR\" \/>\n<meta property=\"og:type\" content=\"article\" \/>\n<meta property=\"og:title\" content=\"Boutique - Venus - Appareils \u00e9lectrom\u00e9nagers haut de gamme\" \/>\n<meta property=\"og:url\" content=\"https:\/\/venusjapan.com\/?page_id=26414\" \/>\n<meta property=\"og:site_name\" content=\"Venus - Appareils \u00e9lectrom\u00e9nagers haut de gamme\" \/>\n<meta property=\"article:modified_time\" content=\"2024-07-17T05:55:28+00:00\" \/>\n<meta name=\"twitter:card\" content=\"summary_large_image\" \/>\n<script type=\"application\/ld+json\" class=\"yoast-schema-graph\">{\"@context\":\"https:\\\/\\\/schema.org\",\"@graph\":[{\"@type\":\"WebPage\",\"@id\":\"https:\\\/\\\/venusjapan.com\\\/?page_id=26414\",\"url\":\"https:\\\/\\\/venusjapan.com\\\/?page_id=26414\",\"name\":\"Boutique - Venus - Appareils \u00e9lectrom\u00e9nagers haut de gamme\",\"isPartOf\":{\"@id\":\"https:\\\/\\\/venusjapan.com\\\/#website\"},\"datePublished\":\"2024-07-15T06:15:38+00:00\",\"dateModified\":\"2024-07-17T05:55:28+00:00\",\"breadcrumb\":{\"@id\":\"https:\\\/\\\/venusjapan.com\\\/?page_id=26414#breadcrumb\"},\"inLanguage\":\"fr-FR\",\"potentialAction\":[{\"@type\":\"ReadAction\",\"target\":[\"https:\\\/\\\/venusjapan.com\\\/?page_id=26414\"]}]},{\"@type\":\"BreadcrumbList\",\"@id\":\"https:\\\/\\\/venusjapan.com\\\/?page_id=26414#breadcrumb\",\"itemListElement\":[{\"@type\":\"ListItem\",\"position\":1,\"name\":\"Home\",\"item\":\"https:\\\/\\\/venusjapan.com\\\/\"},{\"@type\":\"ListItem\",\"position\":2,\"name\":\"Boutique\"}]},{\"@type\":\"WebSite\",\"@id\":\"https:\\\/\\\/venusjapan.com\\\/#website\",\"url\":\"https:\\\/\\\/venusjapan.com\\\/\",\"name\":\"Venus - Appareils \u00e9lectrom\u00e9nagers haut de gamme\",\"description\":\"Technologie pour la g\u00e9n\u00e9ration suivante\",\"potentialAction\":[{\"@type\":\"SearchAction\",\"target\":{\"@type\":\"EntryPoint\",\"urlTemplate\":\"https:\\\/\\\/venusjapan.com\\\/?s={search_term_string}\"},\"query-input\":{\"@type\":\"PropertyValueSpecification\",\"valueRequired\":true,\"valueName\":\"search_term_string\"}}],\"inLanguage\":\"fr-FR\"}]}<\/script>\n<!-- \/ Yoast SEO plugin. -->","yoast_head_json":{"title":"Boutique - Venus - Appareils \u00e9lectrom\u00e9nagers haut de gamme","robots":{"index":"index","follow":"follow","max-snippet":"max-snippet:-1","max-image-preview":"max-image-preview:large","max-video-preview":"max-video-preview:-1"},"canonical":"https:\/\/venusjapan.com\/?page_id=26414","og_locale":"fr_FR","og_type":"article","og_title":"Boutique - Venus - Appareils \u00e9lectrom\u00e9nagers haut de gamme","og_url":"https:\/\/venusjapan.com\/?page_id=26414","og_site_name":"Venus - Appareils \u00e9lectrom\u00e9nagers haut de gamme","article_modified_time":"2024-07-17T05:55:28+00:00","twitter_card":"summary_large_image","schema":{"@context":"https:\/\/schema.org","@graph":[{"@type":"WebPage","@id":"https:\/\/venusjapan.com\/?page_id=26414","url":"https:\/\/venusjapan.com\/?page_id=26414","name":"Boutique - Venus - Appareils \u00e9lectrom\u00e9nagers haut de gamme","isPartOf":{"@id":"https:\/\/venusjapan.com\/#website"},"datePublished":"2024-07-15T06:15:38+00:00","dateModified":"2024-07-17T05:55:28+00:00","breadcrumb":{"@id":"https:\/\/venusjapan.com\/?page_id=26414#breadcrumb"},"inLanguage":"fr-FR","potentialAction":[{"@type":"ReadAction","target":["https:\/\/venusjapan.com\/?page_id=26414"]}]},{"@type":"BreadcrumbList","@id":"https:\/\/venusjapan.com\/?page_id=26414#breadcrumb","itemListElement":[{"@type":"ListItem","position":1,"name":"Home","item":"https:\/\/venusjapan.com\/"},{"@type":"ListItem","position":2,"name":"Boutique"}]},{"@type":"WebSite","@id":"https:\/\/venusjapan.com\/#website","url":"https:\/\/venusjapan.com\/","name":"Venus - Appareils \u00e9lectrom\u00e9nagers haut de gamme","description":"Technologie pour la g\u00e9n\u00e9ration suivante","potentialAction":[{"@type":"SearchAction","target":{"@type":"EntryPoint","urlTemplate":"https:\/\/venusjapan.com\/?s={search_term_string}"},"query-input":{"@type":"PropertyValueSpecification","valueRequired":true,"valueName":"search_term_string"}}],"inLanguage":"fr-FR"}]}},"_links":{"self":[{"href":"https:\/\/venusjapan.com\/fr\/wp-json\/wp\/v2\/pages\/26426","targetHints":{"allow":["GET"]}}],"collection":[{"href":"https:\/\/venusjapan.com\/fr\/wp-json\/wp\/v2\/pages"}],"about":[{"href":"https:\/\/venusjapan.com\/fr\/wp-json\/wp\/v2\/types\/page"}],"author":[{"embeddable":true,"href":"https:\/\/venusjapan.com\/fr\/wp-json\/wp\/v2\/users\/1"}],"replies":[{"embeddable":true,"href":"https:\/\/venusjapan.com\/fr\/wp-json\/wp\/v2\/comments?post=26426"}],"version-history":[{"count":1,"href":"https:\/\/venusjapan.com\/fr\/wp-json\/wp\/v2\/pages\/26426\/revisions"}],"predecessor-version":[{"id":26893,"href":"https:\/\/venusjapan.com\/fr\/wp-json\/wp\/v2\/pages\/26426\/revisions\/26893"}],"wp:attachment":[{"href":"https:\/\/venusjapan.com\/fr\/wp-json\/wp\/v2\/media?parent=26426"}],"curies":[{"name":"wp","href":"https:\/\/api.w.org\/{rel}","templated":true}]}}