{"id":26371,"date":"2024-07-05T11:09:46","date_gmt":"2024-07-05T11:09:46","guid":{"rendered":"https:\/\/venusjapan.com\/blog\/"},"modified":"2026-02-27T10:33:09","modified_gmt":"2026-02-27T10:33:09","slug":"blog","status":"publish","type":"page","link":"https:\/\/venusjapan.com\/fr\/blog\/","title":{"rendered":"Blog"},"content":{"rendered":"\t\t<div data-elementor-type=\"wp-page\" data-elementor-id=\"26371\" class=\"elementor elementor-26371 elementor-23437\" data-elementor-post-type=\"page\">\n\t\t\t\t<div class=\"elementor-element elementor-element-3c4c9df e-con-full e-flex e-con e-parent\" data-id=\"3c4c9df\" data-element_type=\"container\" data-e-type=\"container\" data-settings=\"{&quot;background_background&quot;:&quot;classic&quot;}\">\n\t\t<div class=\"elementor-element elementor-element-0579b87 e-con-full e-flex e-con e-child\" data-id=\"0579b87\" data-element_type=\"container\" data-e-type=\"container\">\n\t\t<div class=\"elementor-element elementor-element-1300ae5 content-about-2 e-con-full e-flex e-con e-child\" data-id=\"1300ae5\" data-element_type=\"container\" data-e-type=\"container\">\n\t\t<div class=\"elementor-element elementor-element-0950ae3 e-con-full e-flex e-con e-child\" data-id=\"0950ae3\" data-element_type=\"container\" data-e-type=\"container\">\n\t\t\t\t<div class=\"elementor-element elementor-element-60b1ecf elementor-invisible elementor-widget elementor-widget-heading\" data-id=\"60b1ecf\" data-element_type=\"widget\" data-e-type=\"widget\" data-settings=\"{&quot;_animation&quot;:&quot;fadeInUp&quot;}\" data-widget_type=\"heading.default\">\n\t\t\t\t<div class=\"elementor-widget-container\">\n\t\t\t\t\t<h2 class=\"elementor-heading-title elementor-size-default\">Actualit\u00e9s et blogs<\/h2>\t\t\t\t<\/div>\n\t\t\t\t<\/div>\n\t\t\t\t<div class=\"elementor-element elementor-element-9f27d1e title-outline2 elementor-invisible elementor-widget elementor-widget-heading\" data-id=\"9f27d1e\" data-element_type=\"widget\" data-e-type=\"widget\" data-settings=\"{&quot;_animation&quot;:&quot;fadeInUp&quot;}\" data-widget_type=\"heading.default\">\n\t\t\t\t<div class=\"elementor-widget-container\">\n\t\t\t\t\t<h2 class=\"elementor-heading-title elementor-size-default\">V\u00c9NUS<\/h2>\t\t\t\t<\/div>\n\t\t\t\t<\/div>\n\t\t\t\t<\/div>\n\t\t\t\t<\/div>\n\t\t\t\t<\/div>\n\t\t\t\t<\/div>\n\t\t<div class=\"elementor-element elementor-element-2b88595 e-flex e-con-boxed e-con e-parent\" data-id=\"2b88595\" data-element_type=\"container\" data-e-type=\"container\">\n\t\t\t\t\t<div class=\"e-con-inner\">\n\t\t\t\t<div class=\"elementor-element elementor-element-d0123e3 elementor-grid-3 elementor-grid-tablet-2 elementor-grid-mobile-1 elementor-posts--thumbnail-top elementor-card-shadow-yes elementor-posts__hover-gradient load-more-align-center elementor-widget elementor-widget-posts\" data-id=\"d0123e3\" data-element_type=\"widget\" data-e-type=\"widget\" data-settings=\"{&quot;pagination_type&quot;:&quot;load_more_on_click&quot;,&quot;cards_columns&quot;:&quot;3&quot;,&quot;cards_columns_tablet&quot;:&quot;2&quot;,&quot;cards_columns_mobile&quot;:&quot;1&quot;,&quot;cards_row_gap&quot;:{&quot;unit&quot;:&quot;px&quot;,&quot;size&quot;:35,&quot;sizes&quot;:[]},&quot;cards_row_gap_widescreen&quot;:{&quot;unit&quot;:&quot;px&quot;,&quot;size&quot;:&quot;&quot;,&quot;sizes&quot;:[]},&quot;cards_row_gap_tablet&quot;:{&quot;unit&quot;:&quot;px&quot;,&quot;size&quot;:&quot;&quot;,&quot;sizes&quot;:[]},&quot;cards_row_gap_mobile&quot;:{&quot;unit&quot;:&quot;px&quot;,&quot;size&quot;:&quot;&quot;,&quot;sizes&quot;:[]},&quot;load_more_spinner&quot;:{&quot;value&quot;:&quot;fas fa-spinner&quot;,&quot;library&quot;:&quot;fa-solid&quot;}}\" data-widget_type=\"posts.cards\">\n\t\t\t\t<div class=\"elementor-widget-container\">\n\t\t\t\t\t\t\t<div class=\"elementor-posts-container elementor-posts elementor-posts--skin-cards elementor-grid\" role=\"list\">\n\t\t\t\t<article class=\"elementor-post elementor-grid-item post-33224 post type-post status-publish format-standard has-post-thumbnail hentry category-washing-machines-fr\" role=\"listitem\">\n\t\t\t<div class=\"elementor-post__card\">\n\t\t\t\t<a class=\"elementor-post__thumbnail__link\" href=\"https:\/\/venusjapan.com\/fr\/fatiguee-que-la-lessive-vous-prenne-tout-votre-temps-decouvrez-le-lave-linge-sechant-venus-vwd-1060\/\" tabindex=\"-1\" ><div class=\"elementor-post__thumbnail\"><img fetchpriority=\"high\" decoding=\"async\" width=\"768\" height=\"473\" src=\"https:\/\/venusjapan.com\/wp-content\/uploads\/2026\/03\/Meet-the-Venus-VWD_1060-Washer-Dryer-768x473.webp\" class=\"attachment-medium_large size-medium_large wp-image-33213\" alt=\"\" \/><\/div><\/a>\n\t\t\t\t<div class=\"elementor-post__text\">\n\t\t\t\t<h3 class=\"elementor-post__title\">\n\t\t\t<a href=\"https:\/\/venusjapan.com\/fr\/fatiguee-que-la-lessive-vous-prenne-tout-votre-temps-decouvrez-le-lave-linge-sechant-venus-vwd-1060\/\" >\n\t\t\t\tFatigu\u00e9(e) que la lessive vous prenne tout votre temps\u00a0? D\u00e9couvrez le lave-linge s\u00e9chant Venus VWD 1060.\t\t\t<\/a>\n\t\t<\/h3>\n\t\t\t\t<div class=\"elementor-post__excerpt\">\n\t\t\t<p>La machine \u00e0 laver et \u00e0 s\u00e9cher Venus VWD 1060 est con\u00e7ue pour laver et s\u00e9cher votre linge en une seule \u00e9tape, pour une lessive plus rapide et plus facile. Avec une capacit\u00e9 de lavage de 10 kg et une capacit\u00e9 de s\u00e9chage de 6 kg, elle peut prendre en charge tous vos v\u00eatements, des tenues de tous les jours aux tissus \u00e9pais. Moins d&#8217;\u00e9tapes, moins de stress\u2026<\/p>\n\t\t<\/div>\n\t\t\n\t\t<a class=\"elementor-post__read-more\" href=\"https:\/\/venusjapan.com\/fr\/fatiguee-que-la-lessive-vous-prenne-tout-votre-temps-decouvrez-le-lave-linge-sechant-venus-vwd-1060\/\" aria-label=\"Read more about Fatigu\u00e9(e) que la lessive vous prenne tout votre temps\u00a0? D\u00e9couvrez le lave-linge s\u00e9chant Venus VWD 1060.\" tabindex=\"-1\" >\n\t\t\tLire la suite \u00bb\t\t<\/a>\n\n\t\t\t\t<\/div>\n\t\t\t\t<div class=\"elementor-post__meta-data\">\n\t\t\t\t\t<span class=\"elementor-post-date\">\n\t\t\tmars 16, 2026\t\t<\/span>\n\t\t\t\t<\/div>\n\t\t\t\t\t<\/div>\n\t\t<\/article>\n\t\t\t\t<article class=\"elementor-post elementor-grid-item post-32980 post type-post status-publish format-standard has-post-thumbnail hentry category-chauffe-eau\" role=\"listitem\">\n\t\t\t<div class=\"elementor-post__card\">\n\t\t\t\t<a class=\"elementor-post__thumbnail__link\" href=\"https:\/\/venusjapan.com\/fr\/le-chauffe-eau-que-vous-ne-voyez-pas-mais-auquel-vous-faites-confiance-tous-les-jours\/\" tabindex=\"-1\" ><div class=\"elementor-post__thumbnail\"><img decoding=\"async\" width=\"768\" height=\"510\" src=\"https:\/\/venusjapan.com\/wp-content\/uploads\/2026\/02\/The-Water-Heater-You-Dont-See-\u2014-But-Trust-Every-Day-768x510.webp\" class=\"attachment-medium_large size-medium_large wp-image-32967\" alt=\"The Water Heater You Don\u2019t See \u2014 But Trust Every Day\" \/><\/div><\/a>\n\t\t\t\t<div class=\"elementor-post__text\">\n\t\t\t\t<h3 class=\"elementor-post__title\">\n\t\t\t<a href=\"https:\/\/venusjapan.com\/fr\/le-chauffe-eau-que-vous-ne-voyez-pas-mais-auquel-vous-faites-confiance-tous-les-jours\/\" >\n\t\t\t\tLe chauffe-eau que vous ne voyez pas, mais auquel vous faites confiance tous les jours\t\t\t<\/a>\n\t\t<\/h3>\n\t\t\t\t<div class=\"elementor-post__excerpt\">\n\t\t\t<p>Chaque matin commence de la m\u00eame fa\u00e7on. On entre dans la salle de bain. On tourne le robinet. Et en quelques secondes, l&#8217;eau chaude coule. Le confort est imm\u00e9diat. Mais derri\u00e8re ce simple instant se cache une machine qui fonctionne sous pression, sous l&#8217;effet de la chaleur, des min\u00e9raux et du temps. Et la plupart d&#8217;entre nous\u2026<\/p>\n\t\t<\/div>\n\t\t\n\t\t<a class=\"elementor-post__read-more\" href=\"https:\/\/venusjapan.com\/fr\/le-chauffe-eau-que-vous-ne-voyez-pas-mais-auquel-vous-faites-confiance-tous-les-jours\/\" aria-label=\"Read more about Le chauffe-eau que vous ne voyez pas, mais auquel vous faites confiance tous les jours\" tabindex=\"-1\" >\n\t\t\tLire la suite \u00bb\t\t<\/a>\n\n\t\t\t\t<\/div>\n\t\t\t\t<div class=\"elementor-post__meta-data\">\n\t\t\t\t\t<span class=\"elementor-post-date\">\n\t\t\tf\u00e9vrier 27, 2026\t\t<\/span>\n\t\t\t\t<\/div>\n\t\t\t\t\t<\/div>\n\t\t<\/article>\n\t\t\t\t<article class=\"elementor-post elementor-grid-item post-31700 post type-post status-publish format-standard has-post-thumbnail hentry category-water-dispensers-fr\" role=\"listitem\">\n\t\t\t<div class=\"elementor-post__card\">\n\t\t\t\t<a class=\"elementor-post__thumbnail__link\" href=\"https:\/\/venusjapan.com\/fr\/the-practical-benefits-of-water-dispensers-for-your-home-and-office\/\" tabindex=\"-1\" ><div class=\"elementor-post__thumbnail\"><img decoding=\"async\" width=\"768\" height=\"621\" src=\"https:\/\/venusjapan.com\/wp-content\/uploads\/2025\/07\/Practical-Benefits-of-Water-Dispensers-1-e1753353766305-768x621.png\" class=\"attachment-medium_large size-medium_large wp-image-31682\" alt=\"Practical Benefits of Water Dispensers\" \/><\/div><\/a>\n\t\t\t\t<div class=\"elementor-post__text\">\n\t\t\t\t<h3 class=\"elementor-post__title\">\n\t\t\t<a href=\"https:\/\/venusjapan.com\/fr\/the-practical-benefits-of-water-dispensers-for-your-home-and-office\/\" >\n\t\t\t\tLes avantages pratiques des distributeurs d&#8217;eau pour votre maison et votre bureau\t\t\t<\/a>\n\t\t<\/h3>\n\t\t\t\t<div class=\"elementor-post__excerpt\">\n\t\t\t<p>Avec la hausse des temp\u00e9ratures, il devient de plus en plus important de rester hydrat\u00e9, que vous soyez \u00e0 la maison pour g\u00e9rer votre vie de famille ou au bureau pour une journ\u00e9e charg\u00e9e. Les fontaines \u00e0 eau sont devenues des appareils indispensables, faciles d&#8217;acc\u00e8s\u2026<\/p>\n\t\t<\/div>\n\t\t\n\t\t<a class=\"elementor-post__read-more\" href=\"https:\/\/venusjapan.com\/fr\/the-practical-benefits-of-water-dispensers-for-your-home-and-office\/\" aria-label=\"Read more about Les avantages pratiques des distributeurs d&#8217;eau pour votre maison et votre bureau\" tabindex=\"-1\" >\n\t\t\tLire la suite \u00bb\t\t<\/a>\n\n\t\t\t\t<\/div>\n\t\t\t\t<div class=\"elementor-post__meta-data\">\n\t\t\t\t\t<span class=\"elementor-post-date\">\n\t\t\tjuillet 24, 2025\t\t<\/span>\n\t\t\t\t<\/div>\n\t\t\t\t\t<\/div>\n\t\t<\/article>\n\t\t\t\t<article class=\"elementor-post elementor-grid-item post-31628 post type-post status-publish format-standard has-post-thumbnail hentry category-cooking-ar\" role=\"listitem\">\n\t\t\t<div class=\"elementor-post__card\">\n\t\t\t\t<a class=\"elementor-post__thumbnail__link\" href=\"https:\/\/venusjapan.com\/fr\/upgrade-your-kitchen-with-the-vc6644-esd-where-style-meets-performance\/\" tabindex=\"-1\" ><div class=\"elementor-post__thumbnail\"><img loading=\"lazy\" decoding=\"async\" width=\"768\" height=\"578\" src=\"https:\/\/venusjapan.com\/wp-content\/uploads\/2025\/06\/VC6644-Banner-1-768x578.jpg\" class=\"attachment-medium_large size-medium_large wp-image-31617\" alt=\"\" \/><\/div><\/a>\n\t\t\t\t<div class=\"elementor-post__text\">\n\t\t\t\t<h3 class=\"elementor-post__title\">\n\t\t\t<a href=\"https:\/\/venusjapan.com\/fr\/upgrade-your-kitchen-with-the-vc6644-esd-where-style-meets-performance\/\" >\n\t\t\t\tAm\u00e9liorez votre cuisine avec le VC6644 ESD\u00a0: quand le style rencontre la performance\t\t\t<\/a>\n\t\t<\/h3>\n\t\t\t\t<div class=\"elementor-post__excerpt\">\n\t\t\t<p>Chez Venus Japan, nous pensons que la cuisine est au c\u0153ur de chaque foyer, et que la cl\u00e9 d&#8217;une cuisine r\u00e9ussie r\u00e9side dans des appareils fiables, performants et \u00e9l\u00e9gants. C&#8217;est pourquoi nous sommes fiers de vous pr\u00e9senter la cuisini\u00e8re VC6644 ESD, une gamme haut de gamme\u2026<\/p>\n\t\t<\/div>\n\t\t\n\t\t<a class=\"elementor-post__read-more\" href=\"https:\/\/venusjapan.com\/fr\/upgrade-your-kitchen-with-the-vc6644-esd-where-style-meets-performance\/\" aria-label=\"Read more about Am\u00e9liorez votre cuisine avec le VC6644 ESD\u00a0: quand le style rencontre la performance\" tabindex=\"-1\" >\n\t\t\tLire la suite \u00bb\t\t<\/a>\n\n\t\t\t\t<\/div>\n\t\t\t\t<div class=\"elementor-post__meta-data\">\n\t\t\t\t\t<span class=\"elementor-post-date\">\n\t\t\tjuin 3, 2025\t\t<\/span>\n\t\t\t\t<\/div>\n\t\t\t\t\t<\/div>\n\t\t<\/article>\n\t\t\t\t<article class=\"elementor-post elementor-grid-item post-30923 post type-post status-publish format-standard has-post-thumbnail hentry category-blenders-fr\" role=\"listitem\">\n\t\t\t<div class=\"elementor-post__card\">\n\t\t\t\t<a class=\"elementor-post__thumbnail__link\" href=\"https:\/\/venusjapan.com\/fr\/blending-innovation-with-tradition-introducing-venus-blenders-your-new-kitchen-companion\/\" tabindex=\"-1\" ><div class=\"elementor-post__thumbnail\"><img loading=\"lazy\" decoding=\"async\" width=\"768\" height=\"535\" src=\"https:\/\/venusjapan.com\/wp-content\/uploads\/2025\/05\/Blending-Innovation-with-Tradition-768x535.jpg\" class=\"attachment-medium_large size-medium_large wp-image-30912\" alt=\"Blending Innovation with Tradition\" \/><\/div><\/a>\n\t\t\t\t<div class=\"elementor-post__text\">\n\t\t\t\t<h3 class=\"elementor-post__title\">\n\t\t\t<a href=\"https:\/\/venusjapan.com\/fr\/blending-innovation-with-tradition-introducing-venus-blenders-your-new-kitchen-companion\/\" >\n\t\t\t\tM\u00e9langer innovation et tradition\u00a0: d\u00e9couvrez les mixeurs Venus, votre nouveau compagnon de cuisine\t\t\t<\/a>\n\t\t<\/h3>\n\t\t\t\t<div class=\"elementor-post__excerpt\">\n\t\t\t<p>Depuis plus de trois d\u00e9cennies, Venus est synonyme d&#8217;innovation, de qualit\u00e9 et d&#8217;une profonde compr\u00e9hension de ce que signifie cr\u00e9er des exp\u00e9riences culinaires m\u00e9morables. Depuis 1994, nous sommes fiers de participer \u00e0 d&#8217;innombrables\u2026<\/p>\n\t\t<\/div>\n\t\t\n\t\t<a class=\"elementor-post__read-more\" href=\"https:\/\/venusjapan.com\/fr\/blending-innovation-with-tradition-introducing-venus-blenders-your-new-kitchen-companion\/\" aria-label=\"Read more about M\u00e9langer innovation et tradition\u00a0: d\u00e9couvrez les mixeurs Venus, votre nouveau compagnon de cuisine\" tabindex=\"-1\" >\n\t\t\tLire la suite \u00bb\t\t<\/a>\n\n\t\t\t\t<\/div>\n\t\t\t\t<div class=\"elementor-post__meta-data\">\n\t\t\t\t\t<span class=\"elementor-post-date\">\n\t\t\tmai 13, 2025\t\t<\/span>\n\t\t\t\t<\/div>\n\t\t\t\t\t<\/div>\n\t\t<\/article>\n\t\t\t\t<article class=\"elementor-post elementor-grid-item post-30875 post type-post status-publish format-standard has-post-thumbnail hentry category-venus-fr\" role=\"listitem\">\n\t\t\t<div class=\"elementor-post__card\">\n\t\t\t\t<a class=\"elementor-post__thumbnail__link\" href=\"https:\/\/venusjapan.com\/fr\/experience-venus-products-now-featured-in-leading-electronics-stores\/\" tabindex=\"-1\" ><div class=\"elementor-post__thumbnail\"><img loading=\"lazy\" decoding=\"async\" width=\"768\" height=\"403\" src=\"https:\/\/venusjapan.com\/wp-content\/uploads\/2025\/02\/Venus-0002_Image-min-768x403.jpg\" class=\"attachment-medium_large size-medium_large wp-image-30318\" alt=\"\" \/><\/div><\/a>\n\t\t\t\t<div class=\"elementor-post__text\">\n\t\t\t\t<h3 class=\"elementor-post__title\">\n\t\t\t<a href=\"https:\/\/venusjapan.com\/fr\/experience-venus-products-now-featured-in-leading-electronics-stores\/\" >\n\t\t\t\tD\u00e9couvrez les produits Venus d\u00e9sormais disponibles dans les principaux magasins d&#8217;\u00e9lectronique\t\t\t<\/a>\n\t\t<\/h3>\n\t\t\t\t<div class=\"elementor-post__excerpt\">\n\t\t\t<p>Depuis plus de trente ans, Venus r\u00e9volutionne les foyers du monde entier gr\u00e2ce \u00e0 ses appareils \u00e9lectrom\u00e9nagers innovants. Depuis 1994, nous gagnons la confiance de nos clients en proposant des produits alliant technologie de pointe et design exceptionnel\u2026<\/p>\n\t\t<\/div>\n\t\t\n\t\t<a class=\"elementor-post__read-more\" href=\"https:\/\/venusjapan.com\/fr\/experience-venus-products-now-featured-in-leading-electronics-stores\/\" aria-label=\"Read more about D\u00e9couvrez les produits Venus d\u00e9sormais disponibles dans les principaux magasins d&#8217;\u00e9lectronique\" tabindex=\"-1\" >\n\t\t\tLire la suite \u00bb\t\t<\/a>\n\n\t\t\t\t<\/div>\n\t\t\t\t<div class=\"elementor-post__meta-data\">\n\t\t\t\t\t<span class=\"elementor-post-date\">\n\t\t\tf\u00e9vrier 14, 2025\t\t<\/span>\n\t\t\t\t<\/div>\n\t\t\t\t\t<\/div>\n\t\t<\/article>\n\t\t\t\t<\/div>\n\t\t\t\t\t<span class=\"e-load-more-spinner\">\n\t\t\t\t<svg aria-hidden=\"true\" class=\"e-font-icon-svg e-fas-spinner\" viewBox=\"0 0 512 512\" xmlns=\"http:\/\/www.w3.org\/2000\/svg\"><path d=\"M304 48c0 26.51-21.49 48-48 48s-48-21.49-48-48 21.49-48 48-48 48 21.49 48 48zm-48 368c-26.51 0-48 21.49-48 48s21.49 48 48 48 48-21.49 48-48-21.49-48-48-48zm208-208c-26.51 0-48 21.49-48 48s21.49 48 48 48 48-21.49 48-48-21.49-48-48-48zM96 256c0-26.51-21.49-48-48-48S0 229.49 0 256s21.49 48 48 48 48-21.49 48-48zm12.922 99.078c-26.51 0-48 21.49-48 48s21.49 48 48 48 48-21.49 48-48c0-26.509-21.491-48-48-48zm294.156 0c-26.51 0-48 21.49-48 48s21.49 48 48 48 48-21.49 48-48c0-26.509-21.49-48-48-48zM108.922 60.922c-26.51 0-48 21.49-48 48s21.49 48 48 48 48-21.49 48-48-21.491-48-48-48z\"><\/path><\/svg>\t\t\t<\/span>\n\t\t\n\t\t\t\t<div class=\"e-load-more-anchor\" data-page=\"1\" data-max-page=\"2\" data-next-page=\"https:\/\/venusjapan.com\/fr\/wp-json\/wp\/v2\/pages\/26371\/page\/2\/\"><\/div>\n\t\t\t\t<div class=\"elementor-button-wrapper\">\n\t\t\t<a class=\"elementor-button elementor-size-sm\" role=\"button\">\n\t\t\t\t\t\t<span class=\"elementor-button-content-wrapper\">\n\t\t\t\t\t\t\t\t\t<span class=\"elementor-button-text\">Charger plus<\/span>\n\t\t\t\t\t<\/span>\n\t\t\t\t\t<\/a>\n\t\t<\/div>\n\t\t\t\t<div class=\"e-load-more-message\"><\/div>\n\t\t\t\t\t\t<\/div>\n\t\t\t\t<\/div>\n\t\t\t\t\t<\/div>\n\t\t\t\t<\/div>\n\t\t\t\t<\/div>\n\t\t","protected":false},"excerpt":{"rendered":"<p>Actualit\u00e9s et blogs V\u00c9NUS<\/p>\n","protected":false},"author":1,"featured_media":0,"parent":0,"menu_order":0,"comment_status":"closed","ping_status":"closed","template":"","meta":{"_acf_changed":false,"footnotes":""},"class_list":["post-26371","page","type-page","status-publish","hentry","has-post-thumbnail"],"acf":[],"yoast_head":"<!-- This site is optimized with the Yoast SEO plugin v27.4 - https:\/\/yoast.com\/product\/yoast-seo-wordpress\/ -->\n<title>Blog - Venus - Appareils \u00e9lectrom\u00e9nagers haut de gamme<\/title>\n<meta name=\"robots\" content=\"index, follow, max-snippet:-1, max-image-preview:large, max-video-preview:-1\" \/>\n<link rel=\"canonical\" href=\"https:\/\/venusjapan.com\/fr\/blog\/\" \/>\n<meta property=\"og:locale\" content=\"fr_FR\" \/>\n<meta property=\"og:type\" content=\"article\" \/>\n<meta property=\"og:title\" content=\"Blog - Venus - Appareils \u00e9lectrom\u00e9nagers haut de gamme\" \/>\n<meta property=\"og:description\" content=\"Actualit\u00e9s et blogs V\u00c9NUS\" \/>\n<meta property=\"og:url\" content=\"https:\/\/venusjapan.com\/fr\/blog\/\" \/>\n<meta property=\"og:site_name\" content=\"Venus - Appareils \u00e9lectrom\u00e9nagers haut de gamme\" \/>\n<meta property=\"article:modified_time\" content=\"2026-02-27T10:33:09+00:00\" \/>\n<meta name=\"twitter:card\" content=\"summary_large_image\" \/>\n<meta name=\"twitter:label1\" content=\"Dur\u00e9e de lecture estim\u00e9e\" \/>\n\t<meta name=\"twitter:data1\" content=\"4 minutes\" \/>\n<script type=\"application\/ld+json\" class=\"yoast-schema-graph\">{\"@context\":\"https:\\\/\\\/schema.org\",\"@graph\":[{\"@type\":\"WebPage\",\"@id\":\"https:\\\/\\\/venusjapan.com\\\/fr\\\/blog\\\/\",\"url\":\"https:\\\/\\\/venusjapan.com\\\/fr\\\/blog\\\/\",\"name\":\"Blog - Venus - Appareils \u00e9lectrom\u00e9nagers haut de gamme\",\"isPartOf\":{\"@id\":\"https:\\\/\\\/venusjapan.com\\\/#website\"},\"datePublished\":\"2024-07-05T11:09:46+00:00\",\"dateModified\":\"2026-02-27T10:33:09+00:00\",\"breadcrumb\":{\"@id\":\"https:\\\/\\\/venusjapan.com\\\/fr\\\/blog\\\/#breadcrumb\"},\"inLanguage\":\"fr-FR\",\"potentialAction\":[{\"@type\":\"ReadAction\",\"target\":[\"https:\\\/\\\/venusjapan.com\\\/fr\\\/blog\\\/\"]}]},{\"@type\":\"BreadcrumbList\",\"@id\":\"https:\\\/\\\/venusjapan.com\\\/fr\\\/blog\\\/#breadcrumb\",\"itemListElement\":[{\"@type\":\"ListItem\",\"position\":1,\"name\":\"Home\",\"item\":\"https:\\\/\\\/venusjapan.com\\\/\"},{\"@type\":\"ListItem\",\"position\":2,\"name\":\"Blog\"}]},{\"@type\":\"WebSite\",\"@id\":\"https:\\\/\\\/venusjapan.com\\\/#website\",\"url\":\"https:\\\/\\\/venusjapan.com\\\/\",\"name\":\"Venus - Appareils \u00e9lectrom\u00e9nagers haut de gamme\",\"description\":\"Technologie pour la g\u00e9n\u00e9ration suivante\",\"potentialAction\":[{\"@type\":\"SearchAction\",\"target\":{\"@type\":\"EntryPoint\",\"urlTemplate\":\"https:\\\/\\\/venusjapan.com\\\/?s={search_term_string}\"},\"query-input\":{\"@type\":\"PropertyValueSpecification\",\"valueRequired\":true,\"valueName\":\"search_term_string\"}}],\"inLanguage\":\"fr-FR\"}]}<\/script>\n<!-- \/ Yoast SEO plugin. -->","yoast_head_json":{"title":"Blog - Venus - Appareils \u00e9lectrom\u00e9nagers haut de gamme","robots":{"index":"index","follow":"follow","max-snippet":"max-snippet:-1","max-image-preview":"max-image-preview:large","max-video-preview":"max-video-preview:-1"},"canonical":"https:\/\/venusjapan.com\/fr\/blog\/","og_locale":"fr_FR","og_type":"article","og_title":"Blog - Venus - Appareils \u00e9lectrom\u00e9nagers haut de gamme","og_description":"Actualit\u00e9s et blogs V\u00c9NUS","og_url":"https:\/\/venusjapan.com\/fr\/blog\/","og_site_name":"Venus - Appareils \u00e9lectrom\u00e9nagers haut de gamme","article_modified_time":"2026-02-27T10:33:09+00:00","twitter_card":"summary_large_image","twitter_misc":{"Dur\u00e9e de lecture estim\u00e9e":"4 minutes"},"schema":{"@context":"https:\/\/schema.org","@graph":[{"@type":"WebPage","@id":"https:\/\/venusjapan.com\/fr\/blog\/","url":"https:\/\/venusjapan.com\/fr\/blog\/","name":"Blog - Venus - Appareils \u00e9lectrom\u00e9nagers haut de gamme","isPartOf":{"@id":"https:\/\/venusjapan.com\/#website"},"datePublished":"2024-07-05T11:09:46+00:00","dateModified":"2026-02-27T10:33:09+00:00","breadcrumb":{"@id":"https:\/\/venusjapan.com\/fr\/blog\/#breadcrumb"},"inLanguage":"fr-FR","potentialAction":[{"@type":"ReadAction","target":["https:\/\/venusjapan.com\/fr\/blog\/"]}]},{"@type":"BreadcrumbList","@id":"https:\/\/venusjapan.com\/fr\/blog\/#breadcrumb","itemListElement":[{"@type":"ListItem","position":1,"name":"Home","item":"https:\/\/venusjapan.com\/"},{"@type":"ListItem","position":2,"name":"Blog"}]},{"@type":"WebSite","@id":"https:\/\/venusjapan.com\/#website","url":"https:\/\/venusjapan.com\/","name":"Venus - Appareils \u00e9lectrom\u00e9nagers haut de gamme","description":"Technologie pour la g\u00e9n\u00e9ration suivante","potentialAction":[{"@type":"SearchAction","target":{"@type":"EntryPoint","urlTemplate":"https:\/\/venusjapan.com\/?s={search_term_string}"},"query-input":{"@type":"PropertyValueSpecification","valueRequired":true,"valueName":"search_term_string"}}],"inLanguage":"fr-FR"}]}},"_links":{"self":[{"href":"https:\/\/venusjapan.com\/fr\/wp-json\/wp\/v2\/pages\/26371","targetHints":{"allow":["GET"]}}],"collection":[{"href":"https:\/\/venusjapan.com\/fr\/wp-json\/wp\/v2\/pages"}],"about":[{"href":"https:\/\/venusjapan.com\/fr\/wp-json\/wp\/v2\/types\/page"}],"author":[{"embeddable":true,"href":"https:\/\/venusjapan.com\/fr\/wp-json\/wp\/v2\/users\/1"}],"replies":[{"embeddable":true,"href":"https:\/\/venusjapan.com\/fr\/wp-json\/wp\/v2\/comments?post=26371"}],"version-history":[{"count":16,"href":"https:\/\/venusjapan.com\/fr\/wp-json\/wp\/v2\/pages\/26371\/revisions"}],"predecessor-version":[{"id":33022,"href":"https:\/\/venusjapan.com\/fr\/wp-json\/wp\/v2\/pages\/26371\/revisions\/33022"}],"wp:attachment":[{"href":"https:\/\/venusjapan.com\/fr\/wp-json\/wp\/v2\/media?parent=26371"}],"curies":[{"name":"wp","href":"https:\/\/api.w.org\/{rel}","templated":true}]}}